{"id":10,"date":"2023-04-18T09:31:40","date_gmt":"2023-04-18T01:31:40","guid":{"rendered":"https:\/\/wp.qhdl.cn\/?page_id=10"},"modified":"2023-12-08T11:44:13","modified_gmt":"2023-12-08T03:44:13","slug":"contact","status":"publish","type":"page","link":"https:\/\/www.fivefu.com\/fr\/contact\/","title":{"rendered":"Contact"},"content":{"rendered":"<section class=\"l-section wpb_row us_custom_278d8c57 contact1 height_large\"><div class=\"l-section-h i-cf\"><div class=\"g-cols vc_row via_grid cols_1 laptops-cols_inherit tablets-cols_inherit mobiles-cols_1 valign_top type_default stacking_default\"><div class=\"wpb_column vc_column_container\"><div class=\"vc_column-inner\"><div class=\"g-cols wpb_row us_custom_cfd0d040 lx1 via_grid cols_4 laptops-cols_inherit tablets-cols_inherit mobiles-cols_1 valign_middle type_default stacking_default\"><div class=\"wpb_column vc_column_container\"><div class=\"vc_column-inner\"><div class=\"w-iconbox iconpos_top style_outlined color_primary align_center\"><div class=\"w-iconbox-icon\" style=\"font-size:2rem;\"><i class=\"fas fa-home\"><\/i><\/div><div class=\"w-iconbox-meta\"><h4 class=\"w-iconbox-title\">Entreprise :<\/h4><div class=\"w-iconbox-text\"><p>Fivefu Technology Co. Ltd<\/p>\n<\/div><\/div><\/div><\/div><\/div><div class=\"wpb_column vc_column_container\"><div class=\"vc_column-inner\"><div class=\"w-iconbox iconpos_top style_outlined color_primary align_center\"><div class=\"w-iconbox-icon\" style=\"font-size:2rem;\"><i class=\"fas fa-map-marker-alt\"><\/i><\/div><div class=\"w-iconbox-meta\"><h4 class=\"w-iconbox-title\">Adresse :<\/h4><div class=\"w-iconbox-text\"><p>Creative Park, No.567 Xiaying north road, Ningbo.<\/p>\n<\/div><\/div><\/div><\/div><\/div><div class=\"wpb_column vc_column_container\"><div class=\"vc_column-inner\"><div class=\"w-iconbox iconpos_top style_outlined color_primary align_center\"><div class=\"w-iconbox-icon\" style=\"font-size:2rem;\"><i class=\"fas fa-envelope\"><\/i><\/div><div class=\"w-iconbox-meta\"><h4 class=\"w-iconbox-title\">E-mail :<\/h4><div class=\"w-iconbox-text\"><p><a href=\"mailto:samfu@fivefu.com\">samfu@fivefu.com<\/a><\/p>\n<\/div><\/div><\/div><\/div><\/div><div class=\"wpb_column vc_column_container\"><div class=\"vc_column-inner\"><div class=\"w-iconbox iconpos_top style_outlined color_primary align_center\"><div class=\"w-iconbox-icon\" style=\"font-size:2rem;\"><i class=\"fas fa-phone-alt\"><\/i><\/div><div class=\"w-iconbox-meta\"><h4 class=\"w-iconbox-title\">Mobile\/WhatsApp :<\/h4><div class=\"w-iconbox-text\"><p><a href=\"https:\/\/wa.me\/8613757491219\">+86-13757491219<\/a><\/p>\n<\/div><\/div><\/div><\/div><\/div><\/div><\/div><\/div><\/div><\/div><\/section><section class=\"l-section wpb_row height_large with_img parallax_fixed\"><div class=\"l-section-img\" data-img-width=\"1282\" data-img-height=\"1280\" style=\"background-image: url(https:\/\/www.fivefu.com\/wp-content\/uploads\/2023\/12\/ed88de3c6cfeb33c8060d3dc41cc60e.jpg);\"><\/div><div class=\"l-section-overlay\" style=\"background:rgba(0,0,0,0.68)\"><\/div><div class=\"l-section-h i-cf\"><div class=\"g-cols vc_row via_grid cols_3-2 laptops-cols_inherit tablets-cols_inherit mobiles-cols_1 valign_middle type_default stacking_default\"><div class=\"wpb_column vc_column_container\"><div class=\"vc_column-inner\"><h4 class=\"w-text us_custom_8b3d6790 has_text_color\"><span class=\"w-text-h\"><span class=\"w-text-value\">TOUT CE QUE VOUS N'AVEZ PAS PU TROUVER\uff1f<\/span><\/span><\/h4><h2 class=\"w-text us_custom_8b3d6790 has_text_color\"><span class=\"w-text-h\"><span class=\"w-text-value\">Parlez \u00e0 nos vendeurs<\/span><\/span><\/h2><div class=\"wpb_text_column us_custom_8b3d6790 ulBlock has_text_color\"><div class=\"wpb_wrapper\"><p>Fivefu se concentre sur le march\u00e9 mondial de la construction et fournit \u00e0 ses clients des produits adapt\u00e9s au march\u00e9 local :<\/p>\n<ul>\n<li>Brochure compl\u00e8te \u00e0 t\u00e9l\u00e9charger<\/li>\n<li>R\u00e9ponse rapide ou enthousiasme<\/li>\n<li>Assurance qualit\u00e9 1-3 ans<\/li>\n<li>Production rapide<\/li>\n<li>Livraison \u00e9clair<\/li>\n<li>OEM&amp;ODM<\/li>\n<li>Faible MQQ<\/li>\n<\/ul>\n<\/div><\/div><div class=\"w-separator size_medium\"><\/div><div class=\"wpb_text_column us_custom_8b3d6790 has_text_color\"><div class=\"wpb_wrapper\"><h4 class=\"text-uppercase text-2 font-weight-bold mb-0 text-color-light opacity-7\">ENVOYEZ-NOUS UN COURRIEL<\/h4>\n<p><span style=\"color: #ff0000;\"><a style=\"color: #ff0000;\" href=\"mailto:samfu@fivefu.com\">samfu@fivefu.com<\/a><\/span><\/p>\n<\/div><\/div><\/div><\/div><div class=\"wpb_column vc_column_container whiteText\"><div class=\"vc_column-inner\"><div class=\"wpb_text_column us_custom_8b3d6790 has_text_color\"><div class=\"wpb_wrapper\"><h3 class=\"mb-3 text-color-light text-5\"><strong>Nous contacter<\/strong><\/h3>\n<p class=\"mb-4 text-color-light\">L'engagement de Fivefu envers les clients et la fourniture de solutions innovantes ne changera jamais. Nous serons votre partenaire \u00e0 long terme sur la voie de l'avenir !<\/p>\n<\/div><\/div><div class=\"w-separator size_small\"><\/div>\n<div class=\"wpcf7 no-js\" id=\"wpcf7-f125-o1\" lang=\"en-US\" dir=\"ltr\" data-wpcf7-id=\"125\">\n<div class=\"screen-reader-response\"><p role=\"status\" aria-live=\"polite\" aria-atomic=\"true\"><\/p> <ul><\/ul><\/div>\n<form action=\"\/fr\/wp-json\/wp\/v2\/pages\/10#wpcf7-f125-o1\" method=\"post\" class=\"wpcf7-form init\" aria-label=\"Formulaire de contact\" novalidate=\"novalidate\" data-status=\"init\" data-trp-original-action=\"\/fr\/wp-json\/wp\/v2\/pages\/10#wpcf7-f125-o1\">\n<fieldset class=\"hidden-fields-container\"><input type=\"hidden\" name=\"_wpcf7\" value=\"125\" \/><input type=\"hidden\" name=\"_wpcf7_version\" value=\"6.1.4\" \/><input type=\"hidden\" name=\"_wpcf7_locale\" value=\"en_US\" \/><input type=\"hidden\" name=\"_wpcf7_unit_tag\" value=\"wpcf7-f125-o1\" \/><input type=\"hidden\" name=\"_wpcf7_container_post\" value=\"0\" \/><input type=\"hidden\" name=\"_wpcf7_posted_data_hash\" value=\"\" \/><input type=\"hidden\" name=\"_wpcf7dtx_version\" value=\"5.0.4\" \/><input type=\"hidden\" name=\"_wpcf7_recaptcha_response\" value=\"\" \/>\n<\/fieldset>\n<div class=\"outer\">\n\t<div class=\"inner\">\n\t\t<p><span class=\"wpcf7-form-control-wrap\" data-name=\"your-name\"><input size=\"40\" maxlength=\"400\" class=\"wpcf7-form-control wpcf7-text wpcf7-validates-as-required\" aria-required=\"true\" aria-invalid=\"false\" placeholder=\"Votre nom*\" value=\"\" type=\"text\" name=\"your-name\" \/><\/span>\n\t\t<\/p>\n\t<\/div>\n\t<div class=\"inner\">\n\t\t<p><span class=\"wpcf7-form-control-wrap\" data-name=\"your-email\"><input size=\"40\" maxlength=\"400\" class=\"wpcf7-form-control wpcf7-email wpcf7-validates-as-required wpcf7-text wpcf7-validates-as-email\" aria-required=\"true\" aria-invalid=\"false\" placeholder=\"Adresse \u00e9lectronique*\" value=\"\" type=\"email\" name=\"your-email\" \/><\/span>\n\t\t<\/p>\n\t<\/div>\n<\/div>\n<div class=\"outer\">\n\t<div class=\"inner\">\n\t\t<p><span class=\"wpcf7-form-control-wrap\" data-name=\"your-tel\"><input size=\"40\" maxlength=\"400\" class=\"wpcf7-form-control wpcf7-tel wpcf7-validates-as-required wpcf7-text wpcf7-validates-as-tel\" aria-required=\"true\" aria-invalid=\"false\" placeholder=\"Votre t\u00e9l\u00e9phone*\" value=\"\" type=\"tel\" name=\"your-tel\" \/><\/span>\n\t\t<\/p>\n\t<\/div>\n\t<div class=\"inner\">\n\t\t<p><span class=\"wpcf7-form-control-wrap\" data-name=\"your-country\"><input size=\"40\" maxlength=\"400\" class=\"wpcf7-form-control wpcf7-text\" aria-invalid=\"false\" placeholder=\"Pays ou r\u00e9gion\" value=\"\" type=\"text\" name=\"your-country\" \/><\/span>\n\t\t<\/p>\n\t<\/div>\n<\/div>\n<div>\n\t<p><span class=\"wpcf7-form-control-wrap\" data-name=\"your-message\"><textarea cols=\"40\" rows=\"10\" maxlength=\"2000\" class=\"wpcf7-form-control wpcf7-textarea wpcf7-validates-as-required\" aria-required=\"true\" aria-invalid=\"false\" placeholder=\"Pr\u00e9cisez votre besoin le plus pr\u00e9cis\u00e9ment possible*\" name=\"your-message\"><\/textarea><\/span>\n\t<\/p>\n<\/div>\n<div class=\"form-button\">\n\t<p><input class=\"wpcf7-form-control wpcf7-submit has-spinner\" type=\"submit\" value=\"Envoyer un message\" \/>\n\t<\/p>\n<\/div><div class=\"wpcf7-response-output\" aria-hidden=\"true\"><\/div>\n<input type=\"hidden\" name=\"trp-form-language\" value=\"fr\"\/><\/form>\n<\/div>\n<\/div><\/div><\/div><\/div><\/section>","protected":false},"excerpt":{"rendered":"Soci\u00e9t\u00e9 : Fivefu Technology Co., Ltd Adresse : Creative Park, No.567 Xiaying north road, Ningbo. E-mail:samfu@fivefu.com Mobile\/WhatsApp:+86-13757491219 TOUT CE QUE VOUS N'AVEZ PAS TROUV\u00c9\uff1fTalk with our salesFivefu se concentre sur le march\u00e9 mondial de la construction et fournit \u00e0 nos clients des produits adapt\u00e9s au march\u00e9 local : Brochure compl\u00e8te que vous pouvez t\u00e9l\u00e9charger R\u00e9ponse rapide ou enthousiasme Assurance qualit\u00e9 de 1 \u00e0 3 ans Production rapide Livraison \u00e9clair OEM&amp;ODM....","protected":false},"author":11,"featured_media":0,"parent":0,"menu_order":60,"comment_status":"closed","ping_status":"closed","template":"","meta":{"footnotes":""},"class_list":["post-10","page","type-page","status-publish","hentry"],"acf":[],"yoast_head":"<!-- This site is optimized with the Yoast SEO plugin v26.7 - https:\/\/yoast.com\/wordpress\/plugins\/seo\/ -->\n<title>Contact - Fivefu<\/title>\n<meta name=\"robots\" content=\"index, follow, max-snippet:-1, max-image-preview:large, max-video-preview:-1\" \/>\n<link rel=\"canonical\" href=\"https:\/\/www.fivefu.com\/fr\/contact\/\" \/>\n<meta property=\"og:locale\" content=\"fr_FR\" \/>\n<meta property=\"og:type\" content=\"article\" \/>\n<meta property=\"og:title\" content=\"Contact - Fivefu\" \/>\n<meta property=\"og:url\" content=\"https:\/\/www.fivefu.com\/fr\/contact\/\" \/>\n<meta property=\"og:site_name\" content=\"Fivefu\" \/>\n<meta property=\"article:modified_time\" content=\"2023-12-08T03:44:13+00:00\" \/>\n<meta name=\"twitter:card\" content=\"summary_large_image\" \/>\n<meta name=\"twitter:label1\" content=\"Dur\u00e9e de lecture estim\u00e9e\" \/>\n\t<meta name=\"twitter:data1\" content=\"2 minutes\" \/>\n<script type=\"application\/ld+json\" class=\"yoast-schema-graph\">{\"@context\":\"https:\/\/schema.org\",\"@graph\":[{\"@type\":\"WebPage\",\"@id\":\"https:\/\/www.fivefu.com\/contact\/\",\"url\":\"https:\/\/www.fivefu.com\/contact\/\",\"name\":\"Contact - Fivefu\",\"isPartOf\":{\"@id\":\"https:\/\/www.fivefu.com\/#website\"},\"datePublished\":\"2023-04-18T01:31:40+00:00\",\"dateModified\":\"2023-12-08T03:44:13+00:00\",\"breadcrumb\":{\"@id\":\"https:\/\/www.fivefu.com\/contact\/#breadcrumb\"},\"inLanguage\":\"fr-FR\",\"potentialAction\":[{\"@type\":\"ReadAction\",\"target\":[\"https:\/\/www.fivefu.com\/contact\/\"]}]},{\"@type\":\"BreadcrumbList\",\"@id\":\"https:\/\/www.fivefu.com\/contact\/#breadcrumb\",\"itemListElement\":[{\"@type\":\"ListItem\",\"position\":1,\"name\":\"Home\",\"item\":\"https:\/\/www.fivefu.com\/\"},{\"@type\":\"ListItem\",\"position\":2,\"name\":\"Contact\"}]},{\"@type\":\"WebSite\",\"@id\":\"https:\/\/www.fivefu.com\/#website\",\"url\":\"https:\/\/www.fivefu.com\/\",\"name\":\"Fivefu\",\"description\":\"LED Strobe Lighthead\uff0cLED Torch\uff0cLED Lightbar\",\"potentialAction\":[{\"@type\":\"SearchAction\",\"target\":{\"@type\":\"EntryPoint\",\"urlTemplate\":\"https:\/\/www.fivefu.com\/?s={search_term_string}\"},\"query-input\":{\"@type\":\"PropertyValueSpecification\",\"valueRequired\":true,\"valueName\":\"search_term_string\"}}],\"inLanguage\":\"fr-FR\"}]}<\/script>\n<!-- \/ Yoast SEO plugin. -->","yoast_head_json":{"title":"Contact - Fivefu","robots":{"index":"index","follow":"follow","max-snippet":"max-snippet:-1","max-image-preview":"max-image-preview:large","max-video-preview":"max-video-preview:-1"},"canonical":"https:\/\/www.fivefu.com\/fr\/contact\/","og_locale":"fr_FR","og_type":"article","og_title":"Contact - Fivefu","og_url":"https:\/\/www.fivefu.com\/fr\/contact\/","og_site_name":"Fivefu","article_modified_time":"2023-12-08T03:44:13+00:00","twitter_card":"summary_large_image","twitter_misc":{"Dur\u00e9e de lecture estim\u00e9e":"2 minutes"},"schema":{"@context":"https:\/\/schema.org","@graph":[{"@type":"WebPage","@id":"https:\/\/www.fivefu.com\/contact\/","url":"https:\/\/www.fivefu.com\/contact\/","name":"Contact - Fivefu","isPartOf":{"@id":"https:\/\/www.fivefu.com\/#website"},"datePublished":"2023-04-18T01:31:40+00:00","dateModified":"2023-12-08T03:44:13+00:00","breadcrumb":{"@id":"https:\/\/www.fivefu.com\/contact\/#breadcrumb"},"inLanguage":"fr-FR","potentialAction":[{"@type":"ReadAction","target":["https:\/\/www.fivefu.com\/contact\/"]}]},{"@type":"BreadcrumbList","@id":"https:\/\/www.fivefu.com\/contact\/#breadcrumb","itemListElement":[{"@type":"ListItem","position":1,"name":"Home","item":"https:\/\/www.fivefu.com\/"},{"@type":"ListItem","position":2,"name":"Contact"}]},{"@type":"WebSite","@id":"https:\/\/www.fivefu.com\/#website","url":"https:\/\/www.fivefu.com\/","name":"Fivefu","description":"LED Strobe Lighthead\uff0cLED Torch\uff0cLED Lightbar","potentialAction":[{"@type":"SearchAction","target":{"@type":"EntryPoint","urlTemplate":"https:\/\/www.fivefu.com\/?s={search_term_string}"},"query-input":{"@type":"PropertyValueSpecification","valueRequired":true,"valueName":"search_term_string"}}],"inLanguage":"fr-FR"}]}},"_links":{"self":[{"href":"https:\/\/www.fivefu.com\/fr\/wp-json\/wp\/v2\/pages\/10","targetHints":{"allow":["GET"]}}],"collection":[{"href":"https:\/\/www.fivefu.com\/fr\/wp-json\/wp\/v2\/pages"}],"about":[{"href":"https:\/\/www.fivefu.com\/fr\/wp-json\/wp\/v2\/types\/page"}],"author":[{"embeddable":true,"href":"https:\/\/www.fivefu.com\/fr\/wp-json\/wp\/v2\/users\/11"}],"replies":[{"embeddable":true,"href":"https:\/\/www.fivefu.com\/fr\/wp-json\/wp\/v2\/comments?post=10"}],"version-history":[{"count":45,"href":"https:\/\/www.fivefu.com\/fr\/wp-json\/wp\/v2\/pages\/10\/revisions"}],"predecessor-version":[{"id":19067,"href":"https:\/\/www.fivefu.com\/fr\/wp-json\/wp\/v2\/pages\/10\/revisions\/19067"}],"wp:attachment":[{"href":"https:\/\/www.fivefu.com\/fr\/wp-json\/wp\/v2\/media?parent=10"}],"curies":[{"name":"wp","href":"https:\/\/api.w.org\/{rel}","templated":true}]}}