{"id":15421,"date":"2023-07-20T21:04:18","date_gmt":"2023-07-20T13:04:18","guid":{"rendered":"http:\/\/dibi.linkerr.cn\/?page_id=15421"},"modified":"2023-12-15T10:52:47","modified_gmt":"2023-12-15T02:52:47","slug":"service","status":"publish","type":"page","link":"https:\/\/www.fivefu.com\/fr\/certifications","title":{"rendered":"Certifications"},"content":{"rendered":"<section class=\"l-section wpb_row height_large color_secondary with_img\"><div class=\"l-section-img\" data-img-width=\"1920\" data-img-height=\"600\" style=\"background-image: url(https:\/\/www.fivefu.com\/wp-content\/uploads\/2023\/12\/banner1.jpg);\"><\/div><div class=\"l-section-h i-cf\"><div class=\"g-cols vc_row via_grid cols_1 laptops-cols_inherit tablets-cols_1 mobiles-cols_1 valign_top type_default reversed stacking_default\" style=\"grid-gap:0rem;\"><div class=\"wpb_column vc_column_container us_custom_fd43344c\"><div class=\"vc_column-inner\"><h1 class=\"w-post-elm post_title us_custom_928e1c81 entry-title color_link_inherit\">Certifications<\/h1><\/div><\/div><\/div><\/div><\/section><section class=\"l-section wpb_row height_large\"><div class=\"l-section-h i-cf\"><div class=\"g-cols vc_row via_grid cols_1 laptops-cols_inherit tablets-cols_inherit mobiles-cols_1 valign_top type_default stacking_default\"><div class=\"wpb_column vc_column_container\"><div class=\"vc_column-inner\"><div class=\"w-separator size_small\"><\/div><div class=\"wpb_text_column\"><div class=\"wpb_wrapper\"><p>Nous pensons que le leadership et l'excellence dans la fourniture de produits de qualit\u00e9 \u00e0 nos clients sont essentiels \u00e0 notre comp\u00e9titivit\u00e9 \u00e0 long terme. C'est pourquoi nous investissons sans cesse des ressources importantes pour toujours obtenir les normes de qualit\u00e9 et de fiabilit\u00e9 les plus \u00e9lev\u00e9es.<\/p>\n<p>Les certifications obtenues par FIVEFU au fil des ans sont une preuve visible de notre engagement : SGS, BSCI, etc.<\/p>\n<p>N'h\u00e9sitez pas \u00e0 <a href=\"https:\/\/www.fivefu.com\/fr\/contact\/\">nous contacter<\/a> si vous avez besoin de plus de d\u00e9tails ou d'\u00e9claircissements sur la qualit\u00e9 certifi\u00e9e de nos produits.<\/p>\n<\/div><\/div><div class=\"w-separator size_medium\"><\/div><div class=\"wpb_text_column us_custom_a574d586 has_text_color\"><div class=\"wpb_wrapper\"><h3>Notre certificat<\/h3>\n<\/div><\/div><div class=\"w-separator us_custom_5a25a8b4 size_small\"><\/div><div class=\"g-cols wpb_row xz1 via_grid cols_4 laptops-cols_inherit tablets-cols_inherit mobiles-cols_1 valign_top type_default stacking_default\" style=\"grid-gap:2rem;\"><div class=\"wpb_column vc_column_container\"><div class=\"vc_column-inner\"><div class=\"w-image align_center meta_simple\"><a href=\"https:\/\/www.fivefu.com\/wp-content\/uploads\/2023\/12\/About-Us_19.png\" ref=\"magnificPopup\" aria-label=\"SGS\" class=\"w-image-h\"><img fetchpriority=\"high\" decoding=\"async\" width=\"340\" height=\"485\" src=\"https:\/\/www.fivefu.com\/wp-content\/uploads\/2023\/12\/About-Us_19.png\" class=\"attachment-large size-large\" alt=\"\" srcset=\"https:\/\/www.fivefu.com\/wp-content\/uploads\/2023\/12\/About-Us_19.png 340w, https:\/\/www.fivefu.com\/wp-content\/uploads\/2023\/12\/About-Us_19-105x150.png 105w\" sizes=\"(max-width: 340px) 100vw, 340px\" \/><\/a><div class=\"w-image-meta\"><div class=\"w-image-title\">SGS<\/div><\/div><\/div><\/div><\/div><div class=\"wpb_column vc_column_container\"><div class=\"vc_column-inner\"><div class=\"w-image align_center meta_simple\"><a href=\"https:\/\/www.fivefu.com\/wp-content\/uploads\/2023\/12\/About-Us_21.png\" ref=\"magnificPopup\" aria-label=\"SGS\" class=\"w-image-h\"><img decoding=\"async\" width=\"340\" height=\"485\" src=\"https:\/\/www.fivefu.com\/wp-content\/uploads\/2023\/12\/About-Us_21.png\" class=\"attachment-large size-large\" alt=\"\" srcset=\"https:\/\/www.fivefu.com\/wp-content\/uploads\/2023\/12\/About-Us_21.png 340w, https:\/\/www.fivefu.com\/wp-content\/uploads\/2023\/12\/About-Us_21-105x150.png 105w\" sizes=\"(max-width: 340px) 100vw, 340px\" \/><\/a><div class=\"w-image-meta\"><div class=\"w-image-title\">SGS<\/div><\/div><\/div><\/div><\/div><div class=\"wpb_column vc_column_container\"><div class=\"vc_column-inner\"><div class=\"w-image align_center meta_simple\"><a href=\"https:\/\/www.fivefu.com\/wp-content\/uploads\/2023\/12\/About-Us_23.png\" ref=\"magnificPopup\" aria-label=\"BSCI\" class=\"w-image-h\"><img decoding=\"async\" width=\"340\" height=\"485\" src=\"https:\/\/www.fivefu.com\/wp-content\/uploads\/2023\/12\/About-Us_23.png\" class=\"attachment-large size-large\" alt=\"\" srcset=\"https:\/\/www.fivefu.com\/wp-content\/uploads\/2023\/12\/About-Us_23.png 340w, https:\/\/www.fivefu.com\/wp-content\/uploads\/2023\/12\/About-Us_23-105x150.png 105w\" sizes=\"(max-width: 340px) 100vw, 340px\" \/><\/a><div class=\"w-image-meta\"><div class=\"w-image-title\">BSCI<\/div><\/div><\/div><\/div><\/div><div class=\"wpb_column vc_column_container\"><div class=\"vc_column-inner\"><div class=\"w-image align_center meta_simple\"><a href=\"https:\/\/www.fivefu.com\/wp-content\/uploads\/2023\/12\/CE.jpg\" ref=\"magnificPopup\" aria-label=\"CE\" class=\"w-image-h\"><img loading=\"lazy\" decoding=\"async\" width=\"340\" height=\"485\" src=\"https:\/\/www.fivefu.com\/wp-content\/uploads\/2023\/12\/CE.jpg\" class=\"attachment-large size-large\" alt=\"\" srcset=\"https:\/\/www.fivefu.com\/wp-content\/uploads\/2023\/12\/CE.jpg 340w, https:\/\/www.fivefu.com\/wp-content\/uploads\/2023\/12\/CE-105x150.jpg 105w\" sizes=\"(max-width: 340px) 100vw, 340px\" \/><\/a><div class=\"w-image-meta\"><div class=\"w-image-title\">CE<\/div><\/div><\/div><\/div><\/div><\/div><div class=\"w-popup us_custom_cdf14ffd w-btn-wrapper align_center\"><button aria-label=\"Obtenir une certification\" class=\"w-popup-trigger type_btn w-btn us-btn-style_9\"><span class=\"w-btn-label\">Obtenir une certification<\/span><\/button><div class=\"w-popup-overlay\" style=\"background:rgba(0,0,0,0.85);\"><\/div><div class=\"w-popup-wrap\" style=\"--title-color:var(--color-content-heading);--title-bg-color:var(--color-content-bg-alt);--content-color:var(--color-content-text);--content-bg-color:var(--color-content-bg)\"><div class=\"w-popup-box animation_fadeIn closerpos_outside with_title\" style=\"width:600px;\"><div class=\"w-popup-box-h\"><div class=\"w-popup-box-title\">Contactez-nous et obtenez une certification<\/div><div class=\"w-popup-box-content\" style=\"padding:5%;\"><p><style id=\"wpforms-css-vars-19084\">\n\t\t\t\t#wpforms-19084 {\n\t\t\t\t\n\t\t\t}\n\t\t\t<\/style><div class=\"wpforms-container wpforms-container-full wpforms-container-save-resume wpforms-render-modern\" id=\"wpforms-19084\"><form id=\"wpforms-form-19084\" class=\"wpforms-validate wpforms-form wpforms-ajax-form\" data-formid=\"19084\" method=\"post\" enctype=\"multipart\/form-data\" action=\"\/fr\/wp-json\/wp\/v2\/pages\/15421\" data-token=\"aca9a3a1bcaeb40d4e9354f82bbb1bcb\" data-token-time=\"1775287397\" data-trp-original-action=\"\/fr\/wp-json\/wp\/v2\/pages\/15421\"><noscript class=\"wpforms-error-noscript\">Veuillez activer JavaScript dans votre navigateur pour remplir ce formulaire.<\/noscript><div id=\"wpforms-error-noscript\" style=\"display: none;\">Veuillez activer JavaScript dans votre navigateur pour remplir ce formulaire.<\/div><div class=\"wpforms-field-container\"><div id=\"wpforms-19084-field_3-container\" class=\"wpforms-field wpforms-field-layout\" data-field-id=\"3\"><div class=\"wpforms-field-layout-columns wpforms-field-layout-preset-50-50\"><div class=\"wpforms-layout-column wpforms-layout-column-50\" ><div id=\"wpforms-19084-field_0-container\" class=\"wpforms-field wpforms-field-name\" data-field-id=\"0\"><label class=\"wpforms-field-label\" for=\"wpforms-19084-field_0\">Nom <span class=\"wpforms-required-label\" aria-hidden=\"true\">*<\/span><\/label><input type=\"text\" id=\"wpforms-19084-field_0\" class=\"wpforms-field-large wpforms-field-required\" name=\"wpforms[fields][0]\" aria-errormessage=\"wpforms-19084-field_0-error\" required><\/div><\/div><div class=\"wpforms-layout-column wpforms-layout-column-50\" ><div id=\"wpforms-19084-field_1-container\" class=\"wpforms-field wpforms-field-email\" data-field-id=\"1\"><label class=\"wpforms-field-label\" for=\"wpforms-19084-field_1\">Courriel <span class=\"wpforms-required-label\" aria-hidden=\"true\">*<\/span><\/label><input type=\"email\" id=\"wpforms-19084-field_1\" class=\"wpforms-field-medium wpforms-field-required\" name=\"wpforms[fields][1]\" spellcheck=\"false\" aria-errormessage=\"wpforms-19084-field_1-error\" required><\/div><\/div><\/div><\/div><div id=\"wpforms-19084-field_4-container\" class=\"wpforms-field wpforms-field-phone\" data-field-id=\"4\"><label class=\"wpforms-field-label\" for=\"wpforms-19084-field_4\">T\u00e9l\u00e9phone<\/label><input type=\"tel\" id=\"wpforms-19084-field_4\" class=\"wpforms-field-large wpforms-smart-phone-field\" data-rule-smart-phone-field=\"true\" name=\"wpforms[fields][4]\" aria-label=\"T\u00e9l\u00e9phone\" aria-errormessage=\"wpforms-19084-field_4-error\" ><\/div><div id=\"wpforms-19084-field_2-container\" class=\"wpforms-field wpforms-field-textarea\" data-field-id=\"2\"><label class=\"wpforms-field-label\" for=\"wpforms-19084-field_2\">Ajouter des informations pertinentes<\/label><textarea id=\"wpforms-19084-field_2\" class=\"wpforms-field-medium\" name=\"wpforms[fields][2]\" aria-errormessage=\"wpforms-19084-field_2-error\" ><\/textarea><\/div><\/div><!-- .wpforms-field-container --><div class=\"wpforms-submit-container\" ><input type=\"hidden\" name=\"wpforms[id]\" value=\"19084\"><input type=\"hidden\" name=\"page_title\" value=\"\"><input type=\"hidden\" name=\"page_url\" value=\"https:\/\/www.fivefu.com\/fr\/wp-json\/wp\/v2\/pages\/15421\"><input type=\"hidden\" name=\"url_referer\" value=\"\"><button type=\"submit\" name=\"wpforms[submit]\" id=\"wpforms-submit-19084\" class=\"wpforms-submit w-popup-trigger type_btn w-btn us-btn-style_9\" data-alt-text=\"Sending...\" data-submit-text=\"Click To Get\" aria-live=\"assertive\" value=\"wpforms-submit\">Cliquez pour obtenir<\/button><img loading=\"lazy\" decoding=\"async\" src=\"https:\/\/www.fivefu.com\/wp-content\/plugins\/wpforms\/assets\/images\/submit-spin.svg\" class=\"wpforms-submit-spinner\" style=\"display: none;\" width=\"26\" height=\"26\" alt=\"Chargement\"><\/div><input type=\"hidden\" name=\"trp-form-language\" value=\"fr\"\/><\/form><\/div>  <!-- .wpforms-container --><\/p>\n<\/div><\/div><\/div><div class=\"w-popup-closer\"><\/div><\/div><\/div><div class=\"wpb_text_column us_custom_a574d586 has_text_color\"><div class=\"wpb_wrapper\"><h3>Nos brevets<\/h3>\n<\/div><\/div><\/div><\/div><div class=\"wpb_column vc_column_container\"><div class=\"vc_column-inner\"><div class=\"w-separator us_custom_5a25a8b4 size_small\"><\/div><div class=\"g-cols wpb_row xz1 via_grid cols_4 laptops-cols_inherit tablets-cols_inherit mobiles-cols_1 valign_top type_default stacking_default\" style=\"grid-gap:2rem;\"><div class=\"wpb_column vc_column_container\"><div class=\"vc_column-inner\"><div class=\"w-image align_center meta_simple\"><a href=\"https:\/\/www.fivefu.com\/wp-content\/uploads\/2023\/12\/U.S-Appearance-Certificate.jpg\" ref=\"magnificPopup\" aria-label=\"\u00c9tats-Unis, certificat d&#039;apparence\" class=\"w-image-h\"><img loading=\"lazy\" decoding=\"async\" width=\"340\" height=\"485\" src=\"https:\/\/www.fivefu.com\/wp-content\/uploads\/2023\/12\/U.S-Appearance-Certificate.jpg\" class=\"attachment-large size-large\" alt=\"\" srcset=\"https:\/\/www.fivefu.com\/wp-content\/uploads\/2023\/12\/U.S-Appearance-Certificate.jpg 340w, https:\/\/www.fivefu.com\/wp-content\/uploads\/2023\/12\/U.S-Appearance-Certificate-105x150.jpg 105w\" sizes=\"(max-width: 340px) 100vw, 340px\" \/><\/a><div class=\"w-image-meta\"><div class=\"w-image-title\">\u00c9tats-Unis, certificat d'apparence<\/div><\/div><\/div><div class=\"w-image align_center meta_simple\"><a href=\"https:\/\/www.fivefu.com\/wp-content\/uploads\/2023\/12\/SAE-1.jpg\" ref=\"magnificPopup\" aria-label=\"SAE\" class=\"w-image-h\"><img loading=\"lazy\" decoding=\"async\" width=\"340\" height=\"485\" src=\"https:\/\/www.fivefu.com\/wp-content\/uploads\/2023\/12\/SAE-1.jpg\" class=\"attachment-large size-large\" alt=\"\" srcset=\"https:\/\/www.fivefu.com\/wp-content\/uploads\/2023\/12\/SAE-1.jpg 340w, https:\/\/www.fivefu.com\/wp-content\/uploads\/2023\/12\/SAE-1-105x150.jpg 105w\" sizes=\"(max-width: 340px) 100vw, 340px\" \/><\/a><div class=\"w-image-meta\"><div class=\"w-image-title\">SAE<\/div><\/div><\/div><\/div><\/div><div class=\"wpb_column vc_column_container\"><div class=\"vc_column-inner\"><div class=\"w-image align_center meta_simple\"><a href=\"https:\/\/www.fivefu.com\/wp-content\/uploads\/2023\/12\/China-Appearance-Certificate-1.jpg\" ref=\"magnificPopup\" aria-label=\"Certificat de comparution pour la Chine\" class=\"w-image-h\"><img loading=\"lazy\" decoding=\"async\" width=\"340\" height=\"485\" src=\"https:\/\/www.fivefu.com\/wp-content\/uploads\/2023\/12\/China-Appearance-Certificate-1.jpg\" class=\"attachment-large size-large\" alt=\"\" srcset=\"https:\/\/www.fivefu.com\/wp-content\/uploads\/2023\/12\/China-Appearance-Certificate-1.jpg 340w, https:\/\/www.fivefu.com\/wp-content\/uploads\/2023\/12\/China-Appearance-Certificate-1-105x150.jpg 105w\" sizes=\"(max-width: 340px) 100vw, 340px\" \/><\/a><div class=\"w-image-meta\"><div class=\"w-image-title\">Certificat de comparution pour la Chine<\/div><\/div><\/div><div class=\"w-image align_center meta_simple\"><a href=\"https:\/\/www.fivefu.com\/wp-content\/uploads\/2023\/12\/CA-1.jpg\" ref=\"magnificPopup\" aria-label=\"CA\" class=\"w-image-h\"><img loading=\"lazy\" decoding=\"async\" width=\"340\" height=\"485\" src=\"https:\/\/www.fivefu.com\/wp-content\/uploads\/2023\/12\/CA-1.jpg\" class=\"attachment-large size-large\" alt=\"\" srcset=\"https:\/\/www.fivefu.com\/wp-content\/uploads\/2023\/12\/CA-1.jpg 340w, https:\/\/www.fivefu.com\/wp-content\/uploads\/2023\/12\/CA-1-105x150.jpg 105w\" sizes=\"(max-width: 340px) 100vw, 340px\" \/><\/a><div class=\"w-image-meta\"><div class=\"w-image-title\">CA<\/div><\/div><\/div><\/div><\/div><div class=\"wpb_column vc_column_container\"><div class=\"vc_column-inner\"><div class=\"w-image align_center meta_simple\"><a href=\"https:\/\/www.fivefu.com\/wp-content\/uploads\/2023\/12\/ECER10-1.jpg\" ref=\"magnificPopup\" aria-label=\"ECER10\" class=\"w-image-h\"><img loading=\"lazy\" decoding=\"async\" width=\"340\" height=\"485\" src=\"https:\/\/www.fivefu.com\/wp-content\/uploads\/2023\/12\/ECER10-1.jpg\" class=\"attachment-large size-large\" alt=\"\" srcset=\"https:\/\/www.fivefu.com\/wp-content\/uploads\/2023\/12\/ECER10-1.jpg 340w, https:\/\/www.fivefu.com\/wp-content\/uploads\/2023\/12\/ECER10-1-105x150.jpg 105w\" sizes=\"(max-width: 340px) 100vw, 340px\" \/><\/a><div class=\"w-image-meta\"><div class=\"w-image-title\">ECER10<\/div><\/div><\/div><\/div><\/div><div class=\"wpb_column vc_column_container\"><div class=\"vc_column-inner\"><div class=\"w-image align_center meta_simple\"><a href=\"https:\/\/www.fivefu.com\/wp-content\/uploads\/2023\/12\/ECER65-1.jpg\" ref=\"magnificPopup\" aria-label=\"ECER65\" class=\"w-image-h\"><img loading=\"lazy\" decoding=\"async\" width=\"340\" height=\"485\" src=\"https:\/\/www.fivefu.com\/wp-content\/uploads\/2023\/12\/ECER65-1.jpg\" class=\"attachment-large size-large\" alt=\"\" srcset=\"https:\/\/www.fivefu.com\/wp-content\/uploads\/2023\/12\/ECER65-1.jpg 340w, https:\/\/www.fivefu.com\/wp-content\/uploads\/2023\/12\/ECER65-1-105x150.jpg 105w\" sizes=\"(max-width: 340px) 100vw, 340px\" \/><\/a><div class=\"w-image-meta\"><div class=\"w-image-title\">ECER65<\/div><\/div><\/div><\/div><\/div><\/div><div class=\"w-popup us_custom_cdf14ffd w-btn-wrapper align_center\"><button aria-label=\"Obtenir un brevet\" class=\"w-popup-trigger type_btn w-btn us-btn-style_9\"><span class=\"w-btn-label\">Obtenir un brevet<\/span><\/button><div class=\"w-popup-overlay\" style=\"background:rgba(0,0,0,0.85);\"><\/div><div class=\"w-popup-wrap\" style=\"--title-color:var(--color-content-heading);--title-bg-color:var(--color-content-bg-alt);--content-color:var(--color-content-text);--content-bg-color:var(--color-content-bg)\"><div class=\"w-popup-box animation_fadeIn closerpos_outside with_title\" style=\"width:600px;\"><div class=\"w-popup-box-h\"><div class=\"w-popup-box-title\">Contactez-nous et obtenez un brevet<\/div><div class=\"w-popup-box-content\" style=\"padding:5%;\"><p><style id=\"wpforms-css-vars-19084\">\n\t\t\t\t#wpforms-19084 {\n\t\t\t\t\n\t\t\t}\n\t\t\t<\/style><div class=\"wpforms-container wpforms-container-full wpforms-container-save-resume wpforms-render-modern\" id=\"wpforms-19084\"><form id=\"wpforms-form-19084\" class=\"wpforms-validate wpforms-form wpforms-ajax-form\" data-formid=\"19084\" method=\"post\" enctype=\"multipart\/form-data\" action=\"\/fr\/wp-json\/wp\/v2\/pages\/15421\" data-token=\"aca9a3a1bcaeb40d4e9354f82bbb1bcb\" data-token-time=\"1775287397\" data-trp-original-action=\"\/fr\/wp-json\/wp\/v2\/pages\/15421\"><noscript class=\"wpforms-error-noscript\">Veuillez activer JavaScript dans votre navigateur pour remplir ce formulaire.<\/noscript><div id=\"wpforms-error-noscript\" style=\"display: none;\">Veuillez activer JavaScript dans votre navigateur pour remplir ce formulaire.<\/div><div class=\"wpforms-field-container\"><div id=\"wpforms-19084-field_3-container\" class=\"wpforms-field wpforms-field-layout\" data-field-id=\"3\"><div class=\"wpforms-field-layout-columns wpforms-field-layout-preset-50-50\"><div class=\"wpforms-layout-column wpforms-layout-column-50\" ><div id=\"wpforms-19084-field_0-container\" class=\"wpforms-field wpforms-field-name\" data-field-id=\"0\"><label class=\"wpforms-field-label\" for=\"wpforms-19084-field_0\">Nom <span class=\"wpforms-required-label\" aria-hidden=\"true\">*<\/span><\/label><input type=\"text\" id=\"wpforms-19084-field_0\" class=\"wpforms-field-large wpforms-field-required\" name=\"wpforms[fields][0]\" aria-errormessage=\"wpforms-19084-field_0-error\" required><\/div><\/div><div class=\"wpforms-layout-column wpforms-layout-column-50\" ><div id=\"wpforms-19084-field_1-container\" class=\"wpforms-field wpforms-field-email\" data-field-id=\"1\"><label class=\"wpforms-field-label\" for=\"wpforms-19084-field_1\">Courriel <span class=\"wpforms-required-label\" aria-hidden=\"true\">*<\/span><\/label><input type=\"email\" id=\"wpforms-19084-field_1\" class=\"wpforms-field-medium wpforms-field-required\" name=\"wpforms[fields][1]\" spellcheck=\"false\" aria-errormessage=\"wpforms-19084-field_1-error\" required><\/div><\/div><\/div><\/div><div id=\"wpforms-19084-field_4-container\" class=\"wpforms-field wpforms-field-phone\" data-field-id=\"4\"><label class=\"wpforms-field-label\" for=\"wpforms-19084-field_4\">T\u00e9l\u00e9phone<\/label><input type=\"tel\" id=\"wpforms-19084-field_4\" class=\"wpforms-field-large wpforms-smart-phone-field\" data-rule-smart-phone-field=\"true\" name=\"wpforms[fields][4]\" aria-label=\"T\u00e9l\u00e9phone\" aria-errormessage=\"wpforms-19084-field_4-error\" ><\/div><div id=\"wpforms-19084-field_2-container\" class=\"wpforms-field wpforms-field-textarea\" data-field-id=\"2\"><label class=\"wpforms-field-label\" for=\"wpforms-19084-field_2\">Ajouter des informations pertinentes<\/label><textarea id=\"wpforms-19084-field_2\" class=\"wpforms-field-medium\" name=\"wpforms[fields][2]\" aria-errormessage=\"wpforms-19084-field_2-error\" ><\/textarea><\/div><\/div><!-- .wpforms-field-container --><div class=\"wpforms-submit-container\" ><input type=\"hidden\" name=\"wpforms[id]\" value=\"19084\"><input type=\"hidden\" name=\"page_title\" value=\"\"><input type=\"hidden\" name=\"page_url\" value=\"https:\/\/www.fivefu.com\/fr\/wp-json\/wp\/v2\/pages\/15421\"><input type=\"hidden\" name=\"url_referer\" value=\"\"><button type=\"submit\" name=\"wpforms[submit]\" id=\"wpforms-submit-19084\" class=\"wpforms-submit w-popup-trigger type_btn w-btn us-btn-style_9\" data-alt-text=\"Sending...\" data-submit-text=\"Click To Get\" aria-live=\"assertive\" value=\"wpforms-submit\">Cliquez pour obtenir<\/button><img loading=\"lazy\" decoding=\"async\" src=\"https:\/\/www.fivefu.com\/wp-content\/plugins\/wpforms\/assets\/images\/submit-spin.svg\" class=\"wpforms-submit-spinner\" style=\"display: none;\" width=\"26\" height=\"26\" alt=\"Chargement\"><\/div><input type=\"hidden\" name=\"trp-form-language\" value=\"fr\"\/><\/form><\/div>  <!-- .wpforms-container --><\/p>\n<\/div><\/div><\/div><div class=\"w-popup-closer\"><\/div><\/div><\/div><\/div><\/div><\/div><\/div><\/section>","protected":false},"excerpt":{"rendered":"CertificationsNous pensons que le leadership et l'excellence dans la fourniture de produits de qualit\u00e9 \u00e0 nos clients sont essentiels \u00e0 notre comp\u00e9titivit\u00e9 \u00e0 long terme, c'est pourquoi nous investissons constamment des ressources significatives pour toujours obtenir les plus hauts standards de qualit\u00e9 et de fiabilit\u00e9 requis. Les certifications obtenues par FIVEFU au fil des ans sont une preuve visible de notre engagement : SGS, BSCI, et...","protected":false},"author":11,"featured_media":0,"parent":0,"menu_order":0,"comment_status":"closed","ping_status":"closed","template":"","meta":{"footnotes":""},"class_list":["post-15421","page","type-page","status-publish","hentry"],"acf":[],"yoast_head":"<!-- This site is optimized with the Yoast SEO plugin v26.7 - https:\/\/yoast.com\/wordpress\/plugins\/seo\/ -->\n<title>Certifications - Fivefu<\/title>\n<meta name=\"robots\" content=\"index, follow, max-snippet:-1, max-image-preview:large, max-video-preview:-1\" \/>\n<link rel=\"canonical\" href=\"https:\/\/www.fivefu.com\/fr\/certifications\/\" \/>\n<meta property=\"og:locale\" content=\"fr_FR\" \/>\n<meta property=\"og:type\" content=\"article\" \/>\n<meta property=\"og:title\" content=\"Certifications - Fivefu\" \/>\n<meta property=\"og:url\" content=\"https:\/\/www.fivefu.com\/fr\/certifications\/\" \/>\n<meta property=\"og:site_name\" content=\"Fivefu\" \/>\n<meta property=\"article:modified_time\" content=\"2023-12-15T02:52:47+00:00\" \/>\n<meta name=\"twitter:card\" content=\"summary_large_image\" \/>\n<meta name=\"twitter:label1\" content=\"Dur\u00e9e de lecture estim\u00e9e\" \/>\n\t<meta name=\"twitter:data1\" content=\"3 minutes\" \/>\n<script type=\"application\/ld+json\" class=\"yoast-schema-graph\">{\"@context\":\"https:\/\/schema.org\",\"@graph\":[{\"@type\":\"WebPage\",\"@id\":\"https:\/\/www.fivefu.com\/certifications\/\",\"url\":\"https:\/\/www.fivefu.com\/certifications\/\",\"name\":\"Certifications - Fivefu\",\"isPartOf\":{\"@id\":\"https:\/\/www.fivefu.com\/#website\"},\"datePublished\":\"2023-07-20T13:04:18+00:00\",\"dateModified\":\"2023-12-15T02:52:47+00:00\",\"breadcrumb\":{\"@id\":\"https:\/\/www.fivefu.com\/certifications\/#breadcrumb\"},\"inLanguage\":\"fr-FR\",\"potentialAction\":[{\"@type\":\"ReadAction\",\"target\":[\"https:\/\/www.fivefu.com\/certifications\/\"]}]},{\"@type\":\"BreadcrumbList\",\"@id\":\"https:\/\/www.fivefu.com\/certifications\/#breadcrumb\",\"itemListElement\":[{\"@type\":\"ListItem\",\"position\":1,\"name\":\"Home\",\"item\":\"https:\/\/www.fivefu.com\/\"},{\"@type\":\"ListItem\",\"position\":2,\"name\":\"Certifications\"}]},{\"@type\":\"WebSite\",\"@id\":\"https:\/\/www.fivefu.com\/#website\",\"url\":\"https:\/\/www.fivefu.com\/\",\"name\":\"Fivefu\",\"description\":\"LED Strobe Lighthead\uff0cLED Torch\uff0cLED Lightbar\",\"potentialAction\":[{\"@type\":\"SearchAction\",\"target\":{\"@type\":\"EntryPoint\",\"urlTemplate\":\"https:\/\/www.fivefu.com\/?s={search_term_string}\"},\"query-input\":{\"@type\":\"PropertyValueSpecification\",\"valueRequired\":true,\"valueName\":\"search_term_string\"}}],\"inLanguage\":\"fr-FR\"}]}<\/script>\n<!-- \/ Yoast SEO plugin. -->","yoast_head_json":{"title":"Certifications - Fivefu","robots":{"index":"index","follow":"follow","max-snippet":"max-snippet:-1","max-image-preview":"max-image-preview:large","max-video-preview":"max-video-preview:-1"},"canonical":"https:\/\/www.fivefu.com\/fr\/certifications\/","og_locale":"fr_FR","og_type":"article","og_title":"Certifications - Fivefu","og_url":"https:\/\/www.fivefu.com\/fr\/certifications\/","og_site_name":"Fivefu","article_modified_time":"2023-12-15T02:52:47+00:00","twitter_card":"summary_large_image","twitter_misc":{"Dur\u00e9e de lecture estim\u00e9e":"3 minutes"},"schema":{"@context":"https:\/\/schema.org","@graph":[{"@type":"WebPage","@id":"https:\/\/www.fivefu.com\/certifications\/","url":"https:\/\/www.fivefu.com\/certifications\/","name":"Certifications - Fivefu","isPartOf":{"@id":"https:\/\/www.fivefu.com\/#website"},"datePublished":"2023-07-20T13:04:18+00:00","dateModified":"2023-12-15T02:52:47+00:00","breadcrumb":{"@id":"https:\/\/www.fivefu.com\/certifications\/#breadcrumb"},"inLanguage":"fr-FR","potentialAction":[{"@type":"ReadAction","target":["https:\/\/www.fivefu.com\/certifications\/"]}]},{"@type":"BreadcrumbList","@id":"https:\/\/www.fivefu.com\/certifications\/#breadcrumb","itemListElement":[{"@type":"ListItem","position":1,"name":"Home","item":"https:\/\/www.fivefu.com\/"},{"@type":"ListItem","position":2,"name":"Certifications"}]},{"@type":"WebSite","@id":"https:\/\/www.fivefu.com\/#website","url":"https:\/\/www.fivefu.com\/","name":"Fivefu","description":"LED Strobe Lighthead\uff0cLED Torch\uff0cLED Lightbar","potentialAction":[{"@type":"SearchAction","target":{"@type":"EntryPoint","urlTemplate":"https:\/\/www.fivefu.com\/?s={search_term_string}"},"query-input":{"@type":"PropertyValueSpecification","valueRequired":true,"valueName":"search_term_string"}}],"inLanguage":"fr-FR"}]}},"_links":{"self":[{"href":"https:\/\/www.fivefu.com\/fr\/wp-json\/wp\/v2\/pages\/15421","targetHints":{"allow":["GET"]}}],"collection":[{"href":"https:\/\/www.fivefu.com\/fr\/wp-json\/wp\/v2\/pages"}],"about":[{"href":"https:\/\/www.fivefu.com\/fr\/wp-json\/wp\/v2\/types\/page"}],"author":[{"embeddable":true,"href":"https:\/\/www.fivefu.com\/fr\/wp-json\/wp\/v2\/users\/11"}],"replies":[{"embeddable":true,"href":"https:\/\/www.fivefu.com\/fr\/wp-json\/wp\/v2\/comments?post=15421"}],"version-history":[{"count":36,"href":"https:\/\/www.fivefu.com\/fr\/wp-json\/wp\/v2\/pages\/15421\/revisions"}],"predecessor-version":[{"id":19266,"href":"https:\/\/www.fivefu.com\/fr\/wp-json\/wp\/v2\/pages\/15421\/revisions\/19266"}],"wp:attachment":[{"href":"https:\/\/www.fivefu.com\/fr\/wp-json\/wp\/v2\/media?parent=15421"}],"curies":[{"name":"wp","href":"https:\/\/api.w.org\/{rel}","templated":true}]}}